{"id":2,"date":"2014-09-29T12:44:28","date_gmt":"2014-09-29T10:44:28","guid":{"rendered":"http:\/\/widmanns-wirtshaus.de\/kabarett\/?page_id=2"},"modified":"2023-10-17T11:10:34","modified_gmt":"2023-10-17T09:10:34","slug":"das-widmanns-kabarettl","status":"publish","type":"page","link":"https:\/\/widmanns-wirtshaus.de\/kabarett\/","title":{"rendered":"Das Widmanns-Kabarettl"},"content":{"rendered":"<p><span style=\"color: #0000ff\"><strong>Kabarett und Kleinkunst in Schmiechen<\/strong><\/span><\/p>\n<p>Im <a href=\"https:\/\/www.weinstadl-schmiechen.de\/\" target=\"_blank\" rel=\"noopener\"><span style=\"color: #0000ff\"><strong>Weinstadel<\/strong><\/span> <\/a>der Familie Huster, hinter der Pfarrkirche, finden Kleinkunstveranstaltungen im kleinen, gem\u00fctlichen Rahmen (100 Personen) statt. N\u00e4her am K\u00fcnstler kann man kaum sein.<\/p>\n<p>Im Weinstadel gibt es Essen und Trinken. Das Essen ist sehr gut &#8211; hier bekommen Sie noch was f\u00fcr Ihr Geld! Die Bedienungen sind sehr nett und aufmerksam.\u00a0<strong>Keine Bewirtung w\u00e4hrend des Programmes.\u00a0<\/strong><\/p>\n<p>In der <strong><span style=\"color: #0000ff\">Schmiechachhalle<\/span><\/strong> in der Schulstra\u00dfe 4, finden Veranstaltungen ab 100 Personen statt.<\/p>\n<p>Es gibt Reihenbestuhlung und keine Bewirtung. Getr\u00e4nke in Flaschen gibt es nat\u00fcrlich!<\/p>\n<p>Fassungsvem\u00f6gen: 180 Personen.<\/p>\n<p><a href=\"https:\/\/www.widmanns-kabarett.de\/rueckblick\/gallery18\/\" target=\"_blank\" rel=\"noopener noreferrer\">So schaut&#8217;s aus wenn wir in der Schmiechachhalle spielen!<\/a><\/p>\n<p><strong>Qualit\u00e4t ist uns wichtiger als der Bekanntheitsgrad !<\/strong><\/p>\n<p>Die K\u00fcnstler h\u00f6ren wir uns vor einer Buchung an, um m\u00f6glichst sicher zu gehen, dass das Programm mit gro\u00dfer Wahrscheinlichkeit unseren G\u00e4sten und auch uns selber gef\u00e4llt.<\/p>\n<p><img loading=\"lazy\" decoding=\"async\" class=\"size-full wp-image-25 alignright\" src=\"https:\/\/widmanns-wirtshaus.de\/kabarett\/wp-content\/uploads\/sites\/6\/2014\/09\/bild_kabarett.png\" alt=\"bild_kabarett\" width=\"500\" height=\"388\" srcset=\"https:\/\/widmanns-wirtshaus.de\/kabarett\/wp-content\/uploads\/sites\/6\/2014\/09\/bild_kabarett.png 500w, https:\/\/widmanns-wirtshaus.de\/kabarett\/wp-content\/uploads\/sites\/6\/2014\/09\/bild_kabarett-300x232.png 300w\" sizes=\"auto, (max-width: 500px) 100vw, 500px\" \/><\/p>\n<p>Aktuelle Termine finden Sie <a title=\"Termine\" href=\"https:\/\/widmanns-wirtshaus.de\/kabarett\/beispiel-seite\/termine\/\">hier<\/a>.<\/p>\n<p><em>\u00a0\u00a0\u00a0\u00a0\u00a0\u00a0<strong> \u00c4nderungen vorbehalten<\/strong><\/em><\/p>\n<p>Die Eintrittspreise liegen\u00a0 zwischen\u00a0 \u00a0 \u00a0 20,- \u20ac und 25 \u20ac<\/p>\n<p>Karten bitte im Vorverkauf erwerben !<\/p>\n<p>Die Karten werden per Post auf Vertrauensbasis verschickt !<\/p>\n<p>Im Kuvert finden Sie auch die Empf\u00e4ngerkontonummer.<\/p>\n<p>Wir haben freie Platzwahl ! Unser <strong>Platzanweiser<\/strong> hat den \u00dcberblick und findet f\u00fcr jeden den richtigen Platz<\/p>\n","protected":false},"excerpt":{"rendered":"<p>Kabarett und Kleinkunst in Schmiechen Im Weinstadel der Familie Huster, hinter der Pfarrkirche, finden Kleinkunstveranstaltungen im kleinen, gem\u00fctlichen Rahmen (100 Personen) statt. N\u00e4her am K\u00fcnstler kann man kaum sein. Im Weinstadel gibt es Essen und Trinken. Das Essen ist sehr gut &#8211; hier bekommen Sie noch was f\u00fcr Ihr Geld! Die Bedienungen sind sehr nett [&hellip;]<\/p>\n","protected":false},"author":1,"featured_media":0,"parent":0,"menu_order":0,"comment_status":"closed","ping_status":"closed","template":"","meta":{"footnotes":""},"class_list":["post-2","page","type-page","status-publish","hentry"],"_links":{"self":[{"href":"https:\/\/widmanns-wirtshaus.de\/kabarett\/wp-json\/wp\/v2\/pages\/2","targetHints":{"allow":["GET"]}}],"collection":[{"href":"https:\/\/widmanns-wirtshaus.de\/kabarett\/wp-json\/wp\/v2\/pages"}],"about":[{"href":"https:\/\/widmanns-wirtshaus.de\/kabarett\/wp-json\/wp\/v2\/types\/page"}],"author":[{"embeddable":true,"href":"https:\/\/widmanns-wirtshaus.de\/kabarett\/wp-json\/wp\/v2\/users\/1"}],"replies":[{"embeddable":true,"href":"https:\/\/widmanns-wirtshaus.de\/kabarett\/wp-json\/wp\/v2\/comments?post=2"}],"version-history":[{"count":58,"href":"https:\/\/widmanns-wirtshaus.de\/kabarett\/wp-json\/wp\/v2\/pages\/2\/revisions"}],"predecessor-version":[{"id":1730,"href":"https:\/\/widmanns-wirtshaus.de\/kabarett\/wp-json\/wp\/v2\/pages\/2\/revisions\/1730"}],"wp:attachment":[{"href":"https:\/\/widmanns-wirtshaus.de\/kabarett\/wp-json\/wp\/v2\/media?parent=2"}],"curies":[{"name":"wp","href":"https:\/\/api.w.org\/{rel}","templated":true}]}}