{"id":16,"date":"2014-09-29T20:00:39","date_gmt":"2014-09-29T18:00:39","guid":{"rendered":"http:\/\/widmanns-wirtshaus.de\/kabarett\/?page_id=16"},"modified":"2024-05-20T09:13:39","modified_gmt":"2024-05-20T07:13:39","slug":"termine","status":"publish","type":"page","link":"https:\/\/widmanns-wirtshaus.de\/kabarett\/termine\/","title":{"rendered":"Termine"},"content":{"rendered":"\n\n\t<ul  class=\"eo-events eo-events-shortcode\" > \n\n\t\t\n\t\t\t\n\t\t\t<li class=\"eo-event-cat-konzert eo-event-future\" >\n\t\t\t\t<a href=\"https:\/\/widmanns-wirtshaus.de\/kabarett\/events\/event\/simon-garfunkel-revival-band-ein-sommernachtstraum\/\">Simon and Garfunkel Revival Band &#8211; &#8222;Ein Sommernachtstraum&#8220;<\/a> am 14. August 2026 20:00\t\t\t<\/li>\n\n\t\t\n\t\t\t\n\t\t\t<li class=\"eo-event-future\" >\n\t\t\t\t<a href=\"https:\/\/widmanns-wirtshaus.de\/kabarett\/events\/event\/weinstadel-paul-0brien\/\">Weinstadel: Paul 0\u00b4Brien, Kanada<\/a> am 7. November 2026 20:00\t\t\t<\/li>\n\n\t\t\n\t\t\t\n\t\t\t<li class=\"eo-event-future\" >\n\t\t\t\t<a href=\"https:\/\/widmanns-wirtshaus.de\/kabarett\/events\/event\/cash-n-go-open-air-im-biergarten\/\">Schmiechachhalle: &#8222;Rauhnachtssagen&#8220;<\/a> am 12. Dezember 2026 20:00\t\t\t<\/li>\n\n\t\t\n\t<\/ul>\n\n\n<p><a href=\"https:\/\/www.widmanns-kabarett.de\/rueckblick\/gallery18\/\" target=\"_blank\" rel=\"noopener noreferrer\">So schaut&#8217;s aus wenn wir in der Schmiechachhalle spielen!<\/a><\/p>\n<p><strong>\u00c4nderungen vorbehalten!<\/strong><\/p>\n<p>Informationen: unter 08206 \/ 6148 (auch f\u00fcr Postversand) Email:\u00a0<a href=\"mailto:info@widmanns-kabarett.de\">info@widmanns-kabarett.de<\/a><\/p>\n<p>Bereits gekaufte Eintrittskarten k\u00f6nnen bei einer Verhinderung, z.B. wegen Erkrankung, in Karten f\u00fcr eine sp\u00e4tere Veranstaltung umgetauscht werden, wenn Sie uns rechtzeitig telefonisch Bescheid geben und die Karte rechtzeitig wieder abgeben &#8211; damit sie evtl. nocht verkauft werden kann.\u00a0 <strong>Keine Barauszahlung!<\/strong><\/p>\n<p>In der <strong>Schmiechachhalle<\/strong> wird nicht bewirtet !<\/p>\n<p>Reihenbestuhlung&#8230;.freie Platzwahl&#8230;..es gibt die \u00fcblichen Getr\u00e4nke in Flaschen zu kaufen<\/p>\n<p><strong>Weinstadel:<\/strong> ge\u00f6ffnet zwei Stunden vor Beginn, da es Essen und Trinken gibt.<\/p>\n<p>Sehr freundliche und gute Bewirtung !<\/p>\n<p>W\u00e4hrend der k\u00fcnstlerischen Darbietung wird nicht bedient. Nur so gelingt der Spagat zwischen Gasthof mit Bewirtung und dem Genuss eines hochwertigen Programmes.<\/p>\n","protected":false},"excerpt":{"rendered":"<p>So schaut&#8217;s aus wenn wir in der Schmiechachhalle spielen! \u00c4nderungen vorbehalten! Informationen: unter 08206 \/ 6148 (auch f\u00fcr Postversand) Email:\u00a0info@widmanns-kabarett.de Bereits gekaufte Eintrittskarten k\u00f6nnen bei einer Verhinderung, z.B. wegen Erkrankung, in Karten f\u00fcr eine sp\u00e4tere Veranstaltung umgetauscht werden, wenn Sie uns rechtzeitig telefonisch Bescheid geben und die Karte rechtzeitig wieder abgeben &#8211; damit sie evtl. [&hellip;]<\/p>\n","protected":false},"author":1,"featured_media":0,"parent":0,"menu_order":0,"comment_status":"closed","ping_status":"closed","template":"","meta":{"footnotes":""},"class_list":["post-16","page","type-page","status-publish","hentry"],"_links":{"self":[{"href":"https:\/\/widmanns-wirtshaus.de\/kabarett\/wp-json\/wp\/v2\/pages\/16","targetHints":{"allow":["GET"]}}],"collection":[{"href":"https:\/\/widmanns-wirtshaus.de\/kabarett\/wp-json\/wp\/v2\/pages"}],"about":[{"href":"https:\/\/widmanns-wirtshaus.de\/kabarett\/wp-json\/wp\/v2\/types\/page"}],"author":[{"embeddable":true,"href":"https:\/\/widmanns-wirtshaus.de\/kabarett\/wp-json\/wp\/v2\/users\/1"}],"replies":[{"embeddable":true,"href":"https:\/\/widmanns-wirtshaus.de\/kabarett\/wp-json\/wp\/v2\/comments?post=16"}],"version-history":[{"count":40,"href":"https:\/\/widmanns-wirtshaus.de\/kabarett\/wp-json\/wp\/v2\/pages\/16\/revisions"}],"predecessor-version":[{"id":1789,"href":"https:\/\/widmanns-wirtshaus.de\/kabarett\/wp-json\/wp\/v2\/pages\/16\/revisions\/1789"}],"wp:attachment":[{"href":"https:\/\/widmanns-wirtshaus.de\/kabarett\/wp-json\/wp\/v2\/media?parent=16"}],"curies":[{"name":"wp","href":"https:\/\/api.w.org\/{rel}","templated":true}]}}